{"id":657,"date":"2024-03-13T15:40:20","date_gmt":"2024-03-13T14:40:20","guid":{"rendered":"https:\/\/e-karis.org\/?page_id=657"},"modified":"2025-03-21T22:26:34","modified_gmt":"2025-03-22T04:26:34","slug":"proceso-de-eleccion-de-la-insignia-anual-2025-2026","status":"publish","type":"page","link":"https:\/\/e-karis.org\/index.php\/proceso-de-eleccion-de-la-insignia-anual-2025-2026\/","title":{"rendered":"Proceso de elecci\u00f3n de la Insignia Anual y credencial 2025-2026"},"content":{"rendered":"\n<hr class=\"wp-block-separator has-alpha-channel-opacity is-style-wide\"\/>\n\n\n\n<p>Buen d\u00eda, estimados Jefes de Grupo.<\/p>\n\n\n\n<p>\u00a1Pax y Servicio!<\/p>\n\n\n\n<p>Tenemos el gusto de dar inicio al proceso de elecci\u00f3n del dise\u00f1o de la insignia anual y de la cara frontal<br>de la credencial para el periodo 2025-2026, para ello les presentamos dos galer\u00edas con las im\u00e1genes<br>con las im\u00e1genes respectivas para que puedan visualizar las diferentes propuestas que nos hicieron<br>llegar los jefes de Grupo y Rama de los Karis que participaron en las convocatorias.<\/p>\n\n\n\n<p><strong>El proceso de elecci\u00f3n es el siguiente:<\/strong><\/p>\n\n\n\n<p><strong>1.<\/strong> El Jefe de Grupo (JG) visitar\u00e1 la galer\u00eda de im\u00e1genes con las propuestas &nbsp; <a href=\"https:\/\/e-karis.org\/index.php\/concurso-internacional-exploradores-karis\/\"><strong>dando clic aqu\u00ed<\/strong><\/a>.<\/p>\n\n\n\n<p>La galer\u00eda tiene 3 modos de vista: carrusel, miniatura y blog; y la posibilidad de visualizar en fondo blanco o fondo negro.<\/p>\n\n\n\n<p><strong>2.<\/strong> El JG de cada galer\u00eda elegir\u00e1 tres propuestas que le parezcan m\u00e1s adecuadas para ser alguna de ellas la insignia que portemos en nuestro uniforme el siguiente ciclo 2025-2026 y de la credencial. Para hacer la elecci\u00f3n el JG tiene la libertad de consultar con los integrantes de su grupo su opini\u00f3n para hacer su elecci\u00f3n compartiendo el enlace anterior. Cabe recordar que la participaci\u00f3n del JG para elegir las tres insignias es por Grupo registrado en el presente periodo y cuenta como un solo voto.<\/p>\n\n\n\n<p><strong>3.<\/strong> Debajo de la imagen que seleccionen podr\u00e1n marcarla, y en el apartado correspondiente a un lado anotar\u00e1n: su adelanto, nombre, n\u00famero de REGI, su Grupo, y si es primera, segunda o tercera propuesta.<\/p>\n\n\n\n<p><strong>4.<\/strong> Para tratar de cumplir con las fechas previstas para obtener la propuesta ganadora, las fechas de elecci\u00f3n son del s\u00e1bado 15 al lunes 18 de marzo del presente a\u00f1o.<\/p>\n\n\n\n<p><strong>5.<\/strong> En caso de tener m\u00e1s de una insignia la misma cantidad de votos se llevar\u00e1 a cabo una segunda vuelta con las insignias finalistas.<\/p>\n\n\n\n<p><strong>6.<\/strong> El Kari participante que gane con su propuesta, aparte de tener el honor de que su dise\u00f1o sea portado por la hermandad kari en el uniforme durante el siguiente a\u00f1o, ganar\u00e1 la inscripci\u00f3n gratuita a un Campamento Kari que elija en su pa\u00eds en cualquier fecha del a\u00f1o.<\/p>\n\n\n\n<p><strong>7.<\/strong> Cualquier falla en la p\u00e1gina web favor de mencionarlo para que a la brevedad se resuelva. As\u00ed mismo, cualquier duda o error con el proceso enviar mensaje para corregirlo, sea por Whatsapp al n\u00famero <a href=\"https:\/\/wa.link\/rw2t5q\">52 55 1701 0252<\/a> o al correo electr\u00f3nico a la cuenta provisional del CMRI: <strong>cmri@e-karis.org.<\/strong><\/p>\n\n\n\n<p>Agradecemos su valiosa participaci\u00f3n y quedamos a espera de su selecci\u00f3n.<\/p>\n\n\n\n<p>Atte.<\/p>\n\n\n\n<p>OMEK &#8211; Oficina Mundial de los Exploradores Karis.<\/p>\n\n\n\n<p>CMRI &#8211; Centro Mundial de Registros e Inscripciones.<\/p>\n\n\n\n<div data-wp-interactive=\"core\/file\" class=\"wp-block-file\"><object data-wp-bind--hidden=\"!state.hasPdfPreview\" hidden class=\"wp-block-file__embed\" data=\"https:\/\/e-karis.org\/wp-content\/uploads\/2025\/03\/EK-CMRI-Proceso-de-eleccion-Insg-Anual-y-Cred-2025-2026.pdf\" type=\"application\/pdf\" style=\"width:100%;height:600px\" aria-label=\"Incrustado de EK-CMRI-Proceso de eleccion Insg Anual y Cred 2025-2026.\"><\/object><a id=\"wp-block-file--media-9a19f7d0-1b50-42aa-9224-184395b0a17f\" href=\"https:\/\/e-karis.org\/wp-content\/uploads\/2025\/03\/EK-CMRI-Proceso-de-eleccion-Insg-Anual-y-Cred-2025-2026.pdf\">EK-CMRI-Proceso de eleccion Insg Anual y Cred 2025-2026<\/a><a href=\"https:\/\/e-karis.org\/wp-content\/uploads\/2025\/03\/EK-CMRI-Proceso-de-eleccion-Insg-Anual-y-Cred-2025-2026.pdf\" class=\"wp-block-file__button wp-element-button\" download aria-describedby=\"wp-block-file--media-9a19f7d0-1b50-42aa-9224-184395b0a17f\">Descarga<\/a><\/div>\n\n\n\n<div class=\"wp-block-buttons is-layout-flex wp-block-buttons-is-layout-flex\">\n<div class=\"wp-block-button\"><a class=\"wp-block-button__link wp-element-button\" href=\"https:\/\/e-karis.org\/index.php\/concurso-internacional-exploradores-karis\/\">\u00a1VOTA YA!<\/a><\/div>\n<\/div>\n\n\n\n<p><\/p>\n","protected":false},"excerpt":{"rendered":"<p>Buen d\u00eda, estimados Jefes de Grupo. \u00a1Pax y Servicio! Tenemos el gusto de dar inicio al proceso de elecci\u00f3n del dise\u00f1o de la insignia anual y de la cara frontalde la credencial para el periodo 2025-2026, para ello les presentamos dos galer\u00edas con las im\u00e1genescon las im\u00e1genes respectivas para que puedan visualizar las diferentes propuestas [&hellip;]<\/p>\n","protected":false},"author":1,"featured_media":0,"parent":0,"menu_order":0,"comment_status":"closed","ping_status":"closed","template":"","meta":{"footnotes":""},"class_list":["post-657","page","type-page","status-publish","hentry"],"_links":{"self":[{"href":"https:\/\/e-karis.org\/index.php\/wp-json\/wp\/v2\/pages\/657","targetHints":{"allow":["GET"]}}],"collection":[{"href":"https:\/\/e-karis.org\/index.php\/wp-json\/wp\/v2\/pages"}],"about":[{"href":"https:\/\/e-karis.org\/index.php\/wp-json\/wp\/v2\/types\/page"}],"author":[{"embeddable":true,"href":"https:\/\/e-karis.org\/index.php\/wp-json\/wp\/v2\/users\/1"}],"replies":[{"embeddable":true,"href":"https:\/\/e-karis.org\/index.php\/wp-json\/wp\/v2\/comments?post=657"}],"version-history":[{"count":9,"href":"https:\/\/e-karis.org\/index.php\/wp-json\/wp\/v2\/pages\/657\/revisions"}],"predecessor-version":[{"id":1521,"href":"https:\/\/e-karis.org\/index.php\/wp-json\/wp\/v2\/pages\/657\/revisions\/1521"}],"wp:attachment":[{"href":"https:\/\/e-karis.org\/index.php\/wp-json\/wp\/v2\/media?parent=657"}],"curies":[{"name":"wp","href":"https:\/\/api.w.org\/{rel}","templated":true}]}}